{"id":2,"date":"2024-10-29T08:14:53","date_gmt":"2024-10-29T08:14:53","guid":{"rendered":"https:\/\/zarrabenta.rkinformatika.online\/?page_id=2"},"modified":"2025-02-14T15:01:41","modified_gmt":"2025-02-14T15:01:41","slug":"sample-page","status":"publish","type":"page","link":"https:\/\/uzturretaberna.com\/eu\/","title":{"rendered":"Hasiera"},"content":{"rendered":"\t\t<div data-elementor-type=\"wp-page\" data-elementor-id=\"2\" class=\"elementor elementor-2\" data-elementor-post-type=\"page\">\n\t\t\t\t\t\t<section class=\"elementor-section elementor-top-section elementor-element elementor-element-030326d elementor-section-boxed elementor-section-height-default elementor-section-height-default\" data-id=\"030326d\" data-element_type=\"section\" data-e-type=\"section\" data-settings=\"{&quot;background_background&quot;:&quot;slideshow&quot;,&quot;background_slideshow_gallery&quot;:[{&quot;id&quot;:591,&quot;url&quot;:&quot;https:\\\/\\\/uzturretaberna.com\\\/wp-content\\\/uploads\\\/2024\\\/10\\\/2148290624.jpg&quot;}],&quot;background_slideshow_ken_burns&quot;:&quot;yes&quot;,&quot;background_slideshow_loop&quot;:&quot;yes&quot;,&quot;background_slideshow_slide_duration&quot;:5000,&quot;background_slideshow_slide_transition&quot;:&quot;fade&quot;,&quot;background_slideshow_transition_duration&quot;:500,&quot;background_slideshow_ken_burns_zoom_direction&quot;:&quot;in&quot;}\">\n\t\t\t\t\t\t\t<div class=\"elementor-background-overlay\"><\/div>\n\t\t\t\t\t\t\t<div class=\"elementor-container elementor-column-gap-no\">\n\t\t\t\t\t<div class=\"elementor-column elementor-col-100 elementor-top-column elementor-element elementor-element-5679edd\" data-id=\"5679edd\" data-element_type=\"column\" data-e-type=\"column\" data-settings=\"{&quot;background_background&quot;:&quot;classic&quot;}\">\n\t\t\t<div class=\"elementor-widget-wrap elementor-element-populated\">\n\t\t\t\t\t<div class=\"elementor-background-overlay\"><\/div>\n\t\t\t\t\t\t<div class=\"elementor-element elementor-element-e1eaa16 elementor-widget elementor-widget-spacer\" data-id=\"e1eaa16\" data-element_type=\"widget\" data-e-type=\"widget\" data-widget_type=\"spacer.default\">\n\t\t\t\t<div class=\"elementor-widget-container\">\n\t\t\t\t\t\t\t<div class=\"elementor-spacer\">\n\t\t\t<div class=\"elementor-spacer-inner\"><\/div>\n\t\t<\/div>\n\t\t\t\t\t\t<\/div>\n\t\t\t\t<\/div>\n\t\t\t\t<div class=\"elementor-element elementor-element-015d796 elementor-icon-list--layout-inline elementor-list-item-link-full_width elementor-invisible elementor-widget elementor-widget-icon-list\" data-id=\"015d796\" data-element_type=\"widget\" data-e-type=\"widget\" data-settings=\"{&quot;_animation&quot;:&quot;fadeInLeft&quot;}\" data-widget_type=\"icon-list.default\">\n\t\t\t\t<div class=\"elementor-widget-container\">\n\t\t\t\t\t\t\t<ul class=\"elementor-icon-list-items elementor-inline-items\">\n\t\t\t\t\t\t\t<li class=\"elementor-icon-list-item elementor-inline-item\">\n\t\t\t\t\t\t\t\t\t\t<span class=\"elementor-icon-list-text\">Bienvenido al Uzturre Taberna Bar<\/span>\n\t\t\t\t\t\t\t\t\t<\/li>\n\t\t\t\t\t\t<\/ul>\n\t\t\t\t\t\t<\/div>\n\t\t\t\t<\/div>\n\t\t\t\t<div class=\"elementor-element elementor-element-c9adbe5 elementor-invisible elementor-widget elementor-widget-heading\" data-id=\"c9adbe5\" data-element_type=\"widget\" data-e-type=\"widget\" data-settings=\"{&quot;_animation&quot;:&quot;fadeInRight&quot;}\" data-widget_type=\"heading.default\">\n\t\t\t\t<div class=\"elementor-widget-container\">\n\t\t\t\t\t<h1 class=\"elementor-heading-title elementor-size-default\">\u00a1Sabor, ambiente y buena compa\u00f1\u00eda!<\/h1>\t\t\t\t<\/div>\n\t\t\t\t<\/div>\n\t\t\t\t<div class=\"elementor-element elementor-element-3728f1f elementor-widget elementor-widget-text-editor\" data-id=\"3728f1f\" data-element_type=\"widget\" data-e-type=\"widget\" data-widget_type=\"text-editor.default\">\n\t\t\t\t<div class=\"elementor-widget-container\">\n\t\t\t\t\t\t\t\t\t<p>Adem\u00e1s, no te pierdas nuestras noches tem\u00e1ticas con sabores internacionales.<\/p>\t\t\t\t\t\t\t\t<\/div>\n\t\t\t\t<\/div>\n\t\t\t\t<div class=\"elementor-element elementor-element-895912e elementor-widget__width-auto elementor-widget elementor-widget-button\" data-id=\"895912e\" data-element_type=\"widget\" data-e-type=\"widget\" data-widget_type=\"button.default\">\n\t\t\t\t<div class=\"elementor-widget-container\">\n\t\t\t\t\t\t\t\t\t<div class=\"elementor-button-wrapper\">\n\t\t\t\t\t<a class=\"elementor-button elementor-button-link elementor-size-sm elementor-animation-float\" href=\"https:\/\/uzturretaberna.com\/index.php\/servicios\/\">\n\t\t\t\t\t\t<span class=\"elementor-button-content-wrapper\">\n\t\t\t\t\t\t\t\t\t<span class=\"elementor-button-text\">Descubre M\u00e1s<\/span>\n\t\t\t\t\t<\/span>\n\t\t\t\t\t<\/a>\n\t\t\t\t<\/div>\n\t\t\t\t\t\t\t\t<\/div>\n\t\t\t\t<\/div>\n\t\t\t\t\t<\/div>\n\t\t<\/div>\n\t\t\t\t\t<\/div>\n\t\t<\/section>\n\t\t<div class=\"elementor-element elementor-element-d0f31c8 e-flex e-con-boxed e-con e-parent\" data-id=\"d0f31c8\" data-element_type=\"container\" data-e-type=\"container\" data-settings=\"{&quot;background_background&quot;:&quot;classic&quot;}\">\n\t\t\t\t\t<div class=\"e-con-inner\">\n\t\t<div class=\"elementor-element elementor-element-20e2d21 e-con-full e-flex e-con e-child\" data-id=\"20e2d21\" data-element_type=\"container\" data-e-type=\"container\" data-settings=\"{&quot;background_background&quot;:&quot;classic&quot;}\">\n\t\t\t\t<div class=\"elementor-element elementor-element-e0c29e2 elementor-widget elementor-widget-image\" data-id=\"e0c29e2\" data-element_type=\"widget\" data-e-type=\"widget\" data-widget_type=\"image.default\">\n\t\t\t\t<div class=\"elementor-widget-container\">\n\t\t\t\t\t\t\t\t\t\t\t\t\t\t\t<img fetchpriority=\"high\" decoding=\"async\" width=\"761\" height=\"1024\" src=\"https:\/\/uzturretaberna.com\/wp-content\/uploads\/2025\/02\/marca-nueva-08-UZTURRE-TABERNA-BAR-761x1024.png\" class=\"attachment-large size-large wp-image-551\" alt=\"\" srcset=\"https:\/\/uzturretaberna.com\/wp-content\/uploads\/2025\/02\/marca-nueva-08-UZTURRE-TABERNA-BAR-761x1024.png 761w, https:\/\/uzturretaberna.com\/wp-content\/uploads\/2025\/02\/marca-nueva-08-UZTURRE-TABERNA-BAR-223x300.png 223w, https:\/\/uzturretaberna.com\/wp-content\/uploads\/2025\/02\/marca-nueva-08-UZTURRE-TABERNA-BAR-768x1034.png 768w, https:\/\/uzturretaberna.com\/wp-content\/uploads\/2025\/02\/marca-nueva-08-UZTURRE-TABERNA-BAR-1141x1536.png 1141w, https:\/\/uzturretaberna.com\/wp-content\/uploads\/2025\/02\/marca-nueva-08-UZTURRE-TABERNA-BAR-9x12.png 9w, https:\/\/uzturretaberna.com\/wp-content\/uploads\/2025\/02\/marca-nueva-08-UZTURRE-TABERNA-BAR.png 1351w\" sizes=\"(max-width: 761px) 100vw, 761px\" \/>\t\t\t\t\t\t\t\t\t\t\t\t\t\t\t<\/div>\n\t\t\t\t<\/div>\n\t\t\t\t<\/div>\n\t\t<div class=\"elementor-element elementor-element-f8fd821 e-con-full e-flex e-con e-child\" data-id=\"f8fd821\" data-element_type=\"container\" data-e-type=\"container\">\n\t\t<div class=\"elementor-element elementor-element-b7c42c1 e-con-full e-flex e-con e-child\" data-id=\"b7c42c1\" data-element_type=\"container\" data-e-type=\"container\">\n\t\t\t\t<div class=\"elementor-element elementor-element-de7a1ca elementor-widget elementor-widget-heading\" data-id=\"de7a1ca\" data-element_type=\"widget\" data-e-type=\"widget\" data-widget_type=\"heading.default\">\n\t\t\t\t<div class=\"elementor-widget-container\">\n\t\t\t\t\t<h2 class=\"elementor-heading-title elementor-size-default\">Qui\u00e9nes Somos<\/h2>\t\t\t\t<\/div>\n\t\t\t\t<\/div>\n\t\t\t\t<\/div>\n\t\t<div class=\"elementor-element elementor-element-f630286 e-con-full e-flex e-con e-child\" data-id=\"f630286\" data-element_type=\"container\" data-e-type=\"container\">\n\t\t\t\t<div class=\"elementor-element elementor-element-d48e78b elementor-widget elementor-widget-text-editor\" data-id=\"d48e78b\" data-element_type=\"widget\" data-e-type=\"widget\" data-widget_type=\"text-editor.default\">\n\t\t\t\t<div class=\"elementor-widget-container\">\n\t\t\t\t\t\t\t\t\t<p>Uzturre Taberna Bar es un espacio donde la tradici\u00f3n vasca se fusiona con la calidez y los sabores de Latinoam\u00e9rica. Somos un txoko eusko-latino, una taberna acogedora que rinde homenaje a la cocina y cultura de ambas regiones, creando una experiencia gastron\u00f3mica \u00fanica.<\/p><p>Aqu\u00ed encontrar\u00e1s pintxos tradicionales, hamburguesas, platos combinados y especialidades latinas, todo en un ambiente cercano y familiar. Nuestra pasi\u00f3n es ofrecer buena comida, buenos momentos y una atenci\u00f3n que te haga sentir como en casa. \u00a1Te esperamos para compartir esta fusi\u00f3n de sabores y culturas!<\/p><p>\u00a1Los viernes de 19:00 a 21:00 tienen sabor especial en Uzturre Taberna Bar! Ven a disfrutar de nuestro Pintxo Pote, una oportunidad perfecta para compartir buenos momentos con amigos mientras degustas deliciosos pintxos acompa\u00f1ados de tu bebida favorita.<\/p><p>Sum\u00e9rgete en un ambiente acogedor, donde la tradici\u00f3n vasca y la calidez latina se unen para ofrecerte una experiencia \u00fanica. No hay mejor manera de empezar el fin de semana que con buena comida, buena bebida y la mejor compa\u00f1\u00eda.<\/p>\t\t\t\t\t\t\t\t<\/div>\n\t\t\t\t<\/div>\n\t\t\t\t<\/div>\n\t\t\t\t<\/div>\n\t\t\t\t\t<\/div>\n\t\t\t\t<\/div>\n\t\t<div class=\"elementor-element elementor-element-5c604b2 e-flex e-con-boxed e-con e-parent\" data-id=\"5c604b2\" data-element_type=\"container\" data-e-type=\"container\" data-settings=\"{&quot;background_background&quot;:&quot;classic&quot;}\">\n\t\t\t\t\t<div class=\"e-con-inner\">\n\t\t<div class=\"elementor-element elementor-element-66aedf0 e-con-full e-flex e-con e-child\" data-id=\"66aedf0\" data-element_type=\"container\" data-e-type=\"container\" data-settings=\"{&quot;background_background&quot;:&quot;classic&quot;}\">\n\t\t\t\t<div class=\"elementor-element elementor-element-cce8e1e elementor-widget elementor-widget-image\" data-id=\"cce8e1e\" data-element_type=\"widget\" data-e-type=\"widget\" data-widget_type=\"image.default\">\n\t\t\t\t<div class=\"elementor-widget-container\">\n\t\t\t\t\t\t\t\t\t\t\t\t\t\t\t<img decoding=\"async\" width=\"800\" height=\"800\" src=\"https:\/\/uzturretaberna.com\/wp-content\/uploads\/2025\/02\/LOGOTIPO-UZTURRE-TABERNA-BAR-1024x1024.png\" class=\"attachment-large size-large wp-image-549\" alt=\"\" srcset=\"https:\/\/uzturretaberna.com\/wp-content\/uploads\/2025\/02\/LOGOTIPO-UZTURRE-TABERNA-BAR-1024x1024.png 1024w, https:\/\/uzturretaberna.com\/wp-content\/uploads\/2025\/02\/LOGOTIPO-UZTURRE-TABERNA-BAR-300x300.png 300w, https:\/\/uzturretaberna.com\/wp-content\/uploads\/2025\/02\/LOGOTIPO-UZTURRE-TABERNA-BAR-150x150.png 150w, https:\/\/uzturretaberna.com\/wp-content\/uploads\/2025\/02\/LOGOTIPO-UZTURRE-TABERNA-BAR-768x768.png 768w, https:\/\/uzturretaberna.com\/wp-content\/uploads\/2025\/02\/LOGOTIPO-UZTURRE-TABERNA-BAR-12x12.png 12w, https:\/\/uzturretaberna.com\/wp-content\/uploads\/2025\/02\/LOGOTIPO-UZTURRE-TABERNA-BAR.png 1240w\" sizes=\"(max-width: 800px) 100vw, 800px\" \/>\t\t\t\t\t\t\t\t\t\t\t\t\t\t\t<\/div>\n\t\t\t\t<\/div>\n\t\t\t\t<\/div>\n\t\t<div class=\"elementor-element elementor-element-3f90369 e-con-full e-flex e-con e-child\" data-id=\"3f90369\" data-element_type=\"container\" data-e-type=\"container\" data-settings=\"{&quot;background_background&quot;:&quot;classic&quot;}\">\n\t\t\t\t<\/div>\n\t\t<div class=\"elementor-element elementor-element-7288cdc e-con-full e-flex e-con e-child\" data-id=\"7288cdc\" data-element_type=\"container\" data-e-type=\"container\" data-settings=\"{&quot;background_background&quot;:&quot;classic&quot;}\">\n\t\t\t\t<\/div>\n\t\t\t\t\t<\/div>\n\t\t\t\t<\/div>\n\t\t<div class=\"elementor-element elementor-element-677fab0 e-flex e-con-boxed e-con e-parent\" data-id=\"677fab0\" data-element_type=\"container\" data-e-type=\"container\" data-settings=\"{&quot;background_background&quot;:&quot;classic&quot;}\">\n\t\t\t\t\t<div class=\"e-con-inner\">\n\t\t<div class=\"elementor-element elementor-element-0159521 e-con-full e-flex e-con e-child\" data-id=\"0159521\" data-element_type=\"container\" data-e-type=\"container\">\n\t\t\t\t<div class=\"elementor-element elementor-element-7c18b40 elementor-widget elementor-widget-image\" data-id=\"7c18b40\" data-element_type=\"widget\" data-e-type=\"widget\" data-widget_type=\"image.default\">\n\t\t\t\t<div class=\"elementor-widget-container\">\n\t\t\t\t\t\t\t\t\t\t\t\t\t\t\t<img decoding=\"async\" width=\"800\" height=\"800\" src=\"https:\/\/uzturretaberna.com\/wp-content\/uploads\/2025\/02\/IMG_20240606_121433_139-UZTURRE-TABERNA-BAR-1024x1024.webp\" class=\"attachment-large size-large wp-image-634\" alt=\"\" srcset=\"https:\/\/uzturretaberna.com\/wp-content\/uploads\/2025\/02\/IMG_20240606_121433_139-UZTURRE-TABERNA-BAR-1024x1024.webp 1024w, https:\/\/uzturretaberna.com\/wp-content\/uploads\/2025\/02\/IMG_20240606_121433_139-UZTURRE-TABERNA-BAR-300x300.webp 300w, https:\/\/uzturretaberna.com\/wp-content\/uploads\/2025\/02\/IMG_20240606_121433_139-UZTURRE-TABERNA-BAR-150x150.webp 150w, https:\/\/uzturretaberna.com\/wp-content\/uploads\/2025\/02\/IMG_20240606_121433_139-UZTURRE-TABERNA-BAR-768x768.webp 768w, https:\/\/uzturretaberna.com\/wp-content\/uploads\/2025\/02\/IMG_20240606_121433_139-UZTURRE-TABERNA-BAR-12x12.webp 12w, https:\/\/uzturretaberna.com\/wp-content\/uploads\/2025\/02\/IMG_20240606_121433_139-UZTURRE-TABERNA-BAR.webp 1080w\" sizes=\"(max-width: 800px) 100vw, 800px\" \/>\t\t\t\t\t\t\t\t\t\t\t\t\t\t\t<\/div>\n\t\t\t\t<\/div>\n\t\t\t\t<\/div>\n\t\t<div class=\"elementor-element elementor-element-5b5b367 e-con-full e-flex e-con e-child\" data-id=\"5b5b367\" data-element_type=\"container\" data-e-type=\"container\">\n\t\t\t\t<div class=\"elementor-element elementor-element-5727f67 elementor-widget elementor-widget-text-editor\" data-id=\"5727f67\" data-element_type=\"widget\" data-e-type=\"widget\" data-widget_type=\"text-editor.default\">\n\t\t\t\t<div class=\"elementor-widget-container\">\n\t\t\t\t\t\t\t\t\t<p>\u00a1Te esperamos para compartir esta fusi\u00f3n de sabores y culturas!<\/p>\t\t\t\t\t\t\t\t<\/div>\n\t\t\t\t<\/div>\n\t\t\t\t<\/div>\n\t\t\t\t\t<\/div>\n\t\t\t\t<\/div>\n\t\t\t\t<\/div>\n\t\t","protected":false},"excerpt":{"rendered":"<p>Bienvenido al Uzturre Taberna Bar \u00a1Sabor, ambiente y buena compa\u00f1\u00eda! Adem\u00e1s, no te pierdas nuestras noches tem\u00e1ticas con sabores internacionales. Descubre M\u00e1s Qui\u00e9nes Somos Uzturre Taberna Bar es un espacio donde la tradici\u00f3n vasca se fusiona con la calidez y los sabores de Latinoam\u00e9rica. Somos un txoko eusko-latino, una taberna acogedora que rinde homenaje a [&hellip;]<\/p>\n","protected":false},"author":3,"featured_media":0,"parent":0,"menu_order":0,"comment_status":"closed","ping_status":"closed","template":"","meta":{"footnotes":""},"class_list":["post-2","page","type-page","status-publish","hentry"],"yoast_head":"<!-- This site is optimized with the Yoast SEO plugin v27.4 - https:\/\/yoast.com\/product\/yoast-seo-wordpress\/ -->\n<title>Inicio - Taberna Zarrabenta<\/title>\n<meta name=\"robots\" content=\"index, follow, max-snippet:-1, max-image-preview:large, max-video-preview:-1\" \/>\n<link rel=\"canonical\" href=\"https:\/\/uzturretaberna.com\/eu\/\" \/>\n<meta property=\"og:locale\" content=\"en_US\" \/>\n<meta property=\"og:type\" content=\"article\" \/>\n<meta property=\"og:title\" content=\"Inicio - Taberna Zarrabenta\" \/>\n<meta property=\"og:description\" content=\"Bienvenido al Uzturre Taberna Bar \u00a1Sabor, ambiente y buena compa\u00f1\u00eda! Adem\u00e1s, no te pierdas nuestras noches tem\u00e1ticas con sabores internacionales. Descubre M\u00e1s Qui\u00e9nes Somos Uzturre Taberna Bar es un espacio donde la tradici\u00f3n vasca se fusiona con la calidez y los sabores de Latinoam\u00e9rica. Somos un txoko eusko-latino, una taberna acogedora que rinde homenaje a [&hellip;]\" \/>\n<meta property=\"og:url\" content=\"https:\/\/uzturretaberna.com\/eu\/\" \/>\n<meta property=\"og:site_name\" content=\"Taberna Zarrabenta\" \/>\n<meta property=\"article:modified_time\" content=\"2025-02-14T15:01:41+00:00\" \/>\n<meta property=\"og:image\" content=\"https:\/\/uzturretaberna.com\/wp-content\/uploads\/2025\/02\/marca-nueva-08-UZTURRE-TABERNA-BAR.png\" \/>\n\t<meta property=\"og:image:width\" content=\"1351\" \/>\n\t<meta property=\"og:image:height\" content=\"1819\" \/>\n\t<meta property=\"og:image:type\" content=\"image\/png\" \/>\n<meta name=\"twitter:card\" content=\"summary_large_image\" \/>\n<meta name=\"twitter:label1\" content=\"Est. reading time\" \/>\n\t<meta name=\"twitter:data1\" content=\"2 minutua\" \/>\n<script type=\"application\/ld+json\" class=\"yoast-schema-graph\">{\"@context\":\"https:\\\/\\\/schema.org\",\"@graph\":[{\"@type\":\"WebPage\",\"@id\":\"https:\\\/\\\/uzturretaberna.com\\\/\",\"url\":\"https:\\\/\\\/uzturretaberna.com\\\/\",\"name\":\"Inicio - Taberna Zarrabenta\",\"isPartOf\":{\"@id\":\"https:\\\/\\\/uzturretaberna.com\\\/#website\"},\"primaryImageOfPage\":{\"@id\":\"https:\\\/\\\/uzturretaberna.com\\\/#primaryimage\"},\"image\":{\"@id\":\"https:\\\/\\\/uzturretaberna.com\\\/#primaryimage\"},\"thumbnailUrl\":\"https:\\\/\\\/uzturretaberna.com\\\/wp-content\\\/uploads\\\/2025\\\/02\\\/marca-nueva-08-UZTURRE-TABERNA-BAR-761x1024.png\",\"datePublished\":\"2024-10-29T08:14:53+00:00\",\"dateModified\":\"2025-02-14T15:01:41+00:00\",\"breadcrumb\":{\"@id\":\"https:\\\/\\\/uzturretaberna.com\\\/#breadcrumb\"},\"inLanguage\":\"eu\",\"potentialAction\":[{\"@type\":\"ReadAction\",\"target\":[\"https:\\\/\\\/uzturretaberna.com\\\/\"]}]},{\"@type\":\"ImageObject\",\"inLanguage\":\"eu\",\"@id\":\"https:\\\/\\\/uzturretaberna.com\\\/#primaryimage\",\"url\":\"https:\\\/\\\/uzturretaberna.com\\\/wp-content\\\/uploads\\\/2025\\\/02\\\/marca-nueva-08-UZTURRE-TABERNA-BAR-761x1024.png\",\"contentUrl\":\"https:\\\/\\\/uzturretaberna.com\\\/wp-content\\\/uploads\\\/2025\\\/02\\\/marca-nueva-08-UZTURRE-TABERNA-BAR-761x1024.png\"},{\"@type\":\"BreadcrumbList\",\"@id\":\"https:\\\/\\\/uzturretaberna.com\\\/#breadcrumb\",\"itemListElement\":[{\"@type\":\"ListItem\",\"position\":1,\"name\":\"Portada\",\"item\":\"https:\\\/\\\/uzturretaberna.com\\\/\"},{\"@type\":\"ListItem\",\"position\":2,\"name\":\"Inicio\"}]},{\"@type\":\"WebSite\",\"@id\":\"https:\\\/\\\/uzturretaberna.com\\\/#website\",\"url\":\"https:\\\/\\\/uzturretaberna.com\\\/\",\"name\":\"Taberna Zarrabenta\",\"description\":\"Una Taberna en Tolosa con un gui\u00f1o a la latinidad\",\"publisher\":{\"@id\":\"https:\\\/\\\/uzturretaberna.com\\\/#organization\"},\"potentialAction\":[{\"@type\":\"SearchAction\",\"target\":{\"@type\":\"EntryPoint\",\"urlTemplate\":\"https:\\\/\\\/uzturretaberna.com\\\/?s={search_term_string}\"},\"query-input\":{\"@type\":\"PropertyValueSpecification\",\"valueRequired\":true,\"valueName\":\"search_term_string\"}}],\"inLanguage\":\"eu\"},{\"@type\":\"Organization\",\"@id\":\"https:\\\/\\\/uzturretaberna.com\\\/#organization\",\"name\":\"Taberna Zarrabenta\",\"url\":\"https:\\\/\\\/uzturretaberna.com\\\/\",\"logo\":{\"@type\":\"ImageObject\",\"inLanguage\":\"eu\",\"@id\":\"https:\\\/\\\/uzturretaberna.com\\\/#\\\/schema\\\/logo\\\/image\\\/\",\"url\":\"https:\\\/\\\/uzturretaberna.com\\\/wp-content\\\/uploads\\\/2025\\\/02\\\/cropped-Esku-Terapiak-Ager-2.png\",\"contentUrl\":\"https:\\\/\\\/uzturretaberna.com\\\/wp-content\\\/uploads\\\/2025\\\/02\\\/cropped-Esku-Terapiak-Ager-2.png\",\"width\":500,\"height\":500,\"caption\":\"Taberna Zarrabenta \"},\"image\":{\"@id\":\"https:\\\/\\\/uzturretaberna.com\\\/#\\\/schema\\\/logo\\\/image\\\/\"}}]}<\/script>\n<!-- \/ Yoast SEO plugin. -->","yoast_head_json":{"title":"Inicio - Taberna Zarrabenta","robots":{"index":"index","follow":"follow","max-snippet":"max-snippet:-1","max-image-preview":"max-image-preview:large","max-video-preview":"max-video-preview:-1"},"canonical":"https:\/\/uzturretaberna.com\/eu\/","og_locale":"en_US","og_type":"article","og_title":"Inicio - Taberna Zarrabenta","og_description":"Bienvenido al Uzturre Taberna Bar \u00a1Sabor, ambiente y buena compa\u00f1\u00eda! Adem\u00e1s, no te pierdas nuestras noches tem\u00e1ticas con sabores internacionales. Descubre M\u00e1s Qui\u00e9nes Somos Uzturre Taberna Bar es un espacio donde la tradici\u00f3n vasca se fusiona con la calidez y los sabores de Latinoam\u00e9rica. Somos un txoko eusko-latino, una taberna acogedora que rinde homenaje a [&hellip;]","og_url":"https:\/\/uzturretaberna.com\/eu\/","og_site_name":"Taberna Zarrabenta","article_modified_time":"2025-02-14T15:01:41+00:00","og_image":[{"width":1351,"height":1819,"url":"https:\/\/uzturretaberna.com\/wp-content\/uploads\/2025\/02\/marca-nueva-08-UZTURRE-TABERNA-BAR.png","type":"image\/png"}],"twitter_card":"summary_large_image","twitter_misc":{"Est. reading time":"2 minutua"},"schema":{"@context":"https:\/\/schema.org","@graph":[{"@type":"WebPage","@id":"https:\/\/uzturretaberna.com\/","url":"https:\/\/uzturretaberna.com\/","name":"Inicio - Taberna Zarrabenta","isPartOf":{"@id":"https:\/\/uzturretaberna.com\/#website"},"primaryImageOfPage":{"@id":"https:\/\/uzturretaberna.com\/#primaryimage"},"image":{"@id":"https:\/\/uzturretaberna.com\/#primaryimage"},"thumbnailUrl":"https:\/\/uzturretaberna.com\/wp-content\/uploads\/2025\/02\/marca-nueva-08-UZTURRE-TABERNA-BAR-761x1024.png","datePublished":"2024-10-29T08:14:53+00:00","dateModified":"2025-02-14T15:01:41+00:00","breadcrumb":{"@id":"https:\/\/uzturretaberna.com\/#breadcrumb"},"inLanguage":"eu","potentialAction":[{"@type":"ReadAction","target":["https:\/\/uzturretaberna.com\/"]}]},{"@type":"ImageObject","inLanguage":"eu","@id":"https:\/\/uzturretaberna.com\/#primaryimage","url":"https:\/\/uzturretaberna.com\/wp-content\/uploads\/2025\/02\/marca-nueva-08-UZTURRE-TABERNA-BAR-761x1024.png","contentUrl":"https:\/\/uzturretaberna.com\/wp-content\/uploads\/2025\/02\/marca-nueva-08-UZTURRE-TABERNA-BAR-761x1024.png"},{"@type":"BreadcrumbList","@id":"https:\/\/uzturretaberna.com\/#breadcrumb","itemListElement":[{"@type":"ListItem","position":1,"name":"Portada","item":"https:\/\/uzturretaberna.com\/"},{"@type":"ListItem","position":2,"name":"Inicio"}]},{"@type":"WebSite","@id":"https:\/\/uzturretaberna.com\/#website","url":"https:\/\/uzturretaberna.com\/","name":"Taberna Zarrabenta","description":"Una Taberna en Tolosa con un gui\u00f1o a la latinidad","publisher":{"@id":"https:\/\/uzturretaberna.com\/#organization"},"potentialAction":[{"@type":"SearchAction","target":{"@type":"EntryPoint","urlTemplate":"https:\/\/uzturretaberna.com\/?s={search_term_string}"},"query-input":{"@type":"PropertyValueSpecification","valueRequired":true,"valueName":"search_term_string"}}],"inLanguage":"eu"},{"@type":"Organization","@id":"https:\/\/uzturretaberna.com\/#organization","name":"Taberna Zarrabenta","url":"https:\/\/uzturretaberna.com\/","logo":{"@type":"ImageObject","inLanguage":"eu","@id":"https:\/\/uzturretaberna.com\/#\/schema\/logo\/image\/","url":"https:\/\/uzturretaberna.com\/wp-content\/uploads\/2025\/02\/cropped-Esku-Terapiak-Ager-2.png","contentUrl":"https:\/\/uzturretaberna.com\/wp-content\/uploads\/2025\/02\/cropped-Esku-Terapiak-Ager-2.png","width":500,"height":500,"caption":"Taberna Zarrabenta "},"image":{"@id":"https:\/\/uzturretaberna.com\/#\/schema\/logo\/image\/"}}]}},"_links":{"self":[{"href":"https:\/\/uzturretaberna.com\/eu\/wp-json\/wp\/v2\/pages\/2","targetHints":{"allow":["GET"]}}],"collection":[{"href":"https:\/\/uzturretaberna.com\/eu\/wp-json\/wp\/v2\/pages"}],"about":[{"href":"https:\/\/uzturretaberna.com\/eu\/wp-json\/wp\/v2\/types\/page"}],"author":[{"embeddable":true,"href":"https:\/\/uzturretaberna.com\/eu\/wp-json\/wp\/v2\/users\/3"}],"replies":[{"embeddable":true,"href":"https:\/\/uzturretaberna.com\/eu\/wp-json\/wp\/v2\/comments?post=2"}],"version-history":[{"count":222,"href":"https:\/\/uzturretaberna.com\/eu\/wp-json\/wp\/v2\/pages\/2\/revisions"}],"predecessor-version":[{"id":742,"href":"https:\/\/uzturretaberna.com\/eu\/wp-json\/wp\/v2\/pages\/2\/revisions\/742"}],"wp:attachment":[{"href":"https:\/\/uzturretaberna.com\/eu\/wp-json\/wp\/v2\/media?parent=2"}],"curies":[{"name":"wp","href":"https:\/\/api.w.org\/{rel}","templated":true}]}}